{"id":18807,"date":"2024-03-02T05:06:10","date_gmt":"2024-03-02T04:06:10","guid":{"rendered":"https:\/\/secure2.alexanderfrutiger.ch\/case-study\/login\/"},"modified":"2025-01-03T12:18:01","modified_gmt":"2025-01-03T11:18:01","slug":"login","status":"publish","type":"page","link":"https:\/\/secure2.alexanderfrutiger.ch\/case-study\/login\/","title":{"rendered":"Anmelden"},"content":{"rendered":"\t\t<div data-elementor-type=\"wp-page\" data-elementor-id=\"18807\" class=\"elementor elementor-18807\" data-elementor-post-type=\"page\">\n\t\t\t\t\t\t<section class=\"elementor-section elementor-top-section elementor-element elementor-element-9201c66 elementor-section-boxed elementor-section-height-default elementor-section-height-default sc_fly_static\" data-id=\"9201c66\" data-element_type=\"section\">\n\t\t\t\t\t\t<div class=\"elementor-container elementor-column-gap-extended\">\n\t\t\t\t\t<div class=\"elementor-column elementor-col-100 elementor-top-column elementor-element elementor-element-2ece596 sc_content_align_inherit sc_layouts_column_icons_position_left sc_fly_static\" data-id=\"2ece596\" data-element_type=\"column\">\n\t\t\t<div class=\"elementor-widget-wrap elementor-element-populated\">\n\t\t\t\t\t\t<div class=\"elementor-element elementor-element-ec65a1d sc_fly_static elementor-widget elementor-widget-heading\" data-id=\"ec65a1d\" data-element_type=\"widget\" data-widget_type=\"heading.default\">\n\t\t\t\t<div class=\"elementor-widget-container\">\n\t\t\t\t\t<h2 class=\"elementor-heading-title elementor-size-default\">Anmelden<\/h2>\t\t\t\t<\/div>\n\t\t\t\t<\/div>\n\t\t\t\t<div class=\"elementor-element elementor-element-dc99608 sc_fly_static elementor-widget elementor-widget-spacer\" data-id=\"dc99608\" data-element_type=\"widget\" data-widget_type=\"spacer.default\">\n\t\t\t\t<div class=\"elementor-widget-container\">\n\t\t\t\t\t\t\t<div class=\"elementor-spacer\">\n\t\t\t<div class=\"elementor-spacer-inner\"><\/div>\n\t\t<\/div>\n\t\t\t\t\t\t<\/div>\n\t\t\t\t<\/div>\n\t\t\t\t\t<\/div>\n\t\t<\/div>\n\t\t\t\t\t<\/div>\n\t\t<\/section>\n\t\t\t\t<section class=\"elementor-section elementor-top-section elementor-element elementor-element-f1581fb elementor-section-boxed elementor-section-height-default elementor-section-height-default sc_fly_static\" data-id=\"f1581fb\" data-element_type=\"section\">\n\t\t\t\t\t\t<div class=\"elementor-container elementor-column-gap-extended\">\n\t\t\t\t\t<div class=\"elementor-column elementor-col-50 elementor-top-column elementor-element elementor-element-cd947b5 sc_inner_width_none sc_content_align_inherit sc_layouts_column_icons_position_left sc_fly_static\" data-id=\"cd947b5\" data-element_type=\"column\">\n\t\t\t<div class=\"elementor-widget-wrap elementor-element-populated\">\n\t\t\t\t\t\t<div class=\"elementor-element elementor-element-fa57bd8 sc_fly_static elementor-widget elementor-widget-spacer\" data-id=\"fa57bd8\" data-element_type=\"widget\" data-widget_type=\"spacer.default\">\n\t\t\t\t<div class=\"elementor-widget-container\">\n\t\t\t\t\t\t\t<div class=\"elementor-spacer\">\n\t\t\t<div class=\"elementor-spacer-inner\"><\/div>\n\t\t<\/div>\n\t\t\t\t\t\t<\/div>\n\t\t\t\t<\/div>\n\t\t\t\t<div class=\"elementor-element elementor-element-95b9d74 sc_fly_static elementor-widget elementor-widget-heading\" data-id=\"95b9d74\" data-element_type=\"widget\" data-widget_type=\"heading.default\">\n\t\t\t\t<div class=\"elementor-widget-container\">\n\t\t\t\t\t<h2 class=\"elementor-heading-title elementor-size-default\">Login to myAccount-2<\/h2>\t\t\t\t<\/div>\n\t\t\t\t<\/div>\n\t\t\t\t<div class=\"elementor-element elementor-element-5a44ec6 sc_fly_static elementor-widget elementor-widget-spacer\" data-id=\"5a44ec6\" data-element_type=\"widget\" data-widget_type=\"spacer.default\">\n\t\t\t\t<div class=\"elementor-widget-container\">\n\t\t\t\t\t\t\t<div class=\"elementor-spacer\">\n\t\t\t<div class=\"elementor-spacer-inner\"><\/div>\n\t\t<\/div>\n\t\t\t\t\t\t<\/div>\n\t\t\t\t<\/div>\n\t\t\t\t<div class=\"elementor-element elementor-element-01ed8b9 sc_fly_static elementor-widget elementor-widget-shortcode\" data-id=\"01ed8b9\" data-element_type=\"widget\" data-widget_type=\"shortcode.default\">\n\t\t\t\t<div class=\"elementor-widget-container\">\n\t\t\t\t\t\t\t<div class=\"elementor-shortcode\">\n<div class=\"um um-login um-18690\">\n\t<div class=\"um-form\">\n\t\t<form method=\"post\" action=\"\" autocomplete=\"off\">\n\t\t\t<div class=\"um-row _um_row_1 \" style=\"margin: 0 0 30px 0;\"><div class=\"um-col-1\"><div  id=\"um_field_18690_username\" class=\"um-field um-field-text  um-field-username um-field-text um-field-type_text\" data-key=\"username\"><div class=\"um-field-label\"><label for=\"username-18690\">Benutzername oder E-Mail<\/label><div class=\"um-clear\"><\/div><\/div><div class=\"um-field-area\"><input  autocomplete=\"off\" class=\"um-form-field valid \" type=\"text\" name=\"username-18690\" id=\"username-18690\" value=\"\" placeholder=\"\" data-validate=\"unique_username_or_email\" data-key=\"username\"  aria-invalid=\"false\" \/>\n\n\t\t\t\t\t\t<\/div><\/div><div  id=\"um_field_18690_user_password\" class=\"um-field um-field-password  um-field-user_password um-field-password um-field-type_password\" data-key=\"user_password\"><div class=\"um-field-label\"><label for=\"user_password-18690\">Passwort<\/label><div class=\"um-clear\"><\/div><\/div><div class=\"um-field-area\"><input class=\"um-form-field valid \" type=\"password\" name=\"user_password-18690\" id=\"user_password-18690\" value=\"\" placeholder=\"\" data-validate=\"\" data-key=\"user_password\"  aria-invalid=\"false\" \/>\n\n\t\t\t\t\t\t\t<\/div><\/div><\/div><\/div>\t\t<input type=\"hidden\" name=\"form_id\" id=\"form_id_18690\" value=\"18690\" \/>\n\t\n\t<p class=\"um_request_name\">\n\t\t<label for=\"um_request_18690\">Only fill in if you are not human<\/label>\n\t\t<input type=\"hidden\" name=\"um_request\" id=\"um_request_18690\" class=\"input\" value=\"\" size=\"25\" autocomplete=\"off\" \/>\n\t<\/p>\n\n\t<input type=\"hidden\" id=\"_wpnonce\" name=\"_wpnonce\" value=\"a874b11d16\" \/><input type=\"hidden\" name=\"_wp_http_referer\" value=\"\/case-study\/wp-json\/wp\/v2\/pages\/18807\" \/>\n\t<div class=\"um-col-alt\">\n\n\t\t\n\n\t\t\t<div class=\"um-field um-field-c\">\n\t\t\t\t<div class=\"um-field-area\">\n\t\t\t\t\t<label class=\"um-field-checkbox\">\n\t\t\t\t\t\t<input type=\"checkbox\" name=\"rememberme\" value=\"1\"  \/>\n\t\t\t\t\t\t<span class=\"um-field-checkbox-state\"><i class=\"um-icon-android-checkbox-outline-blank\"><\/i><\/span>\n\t\t\t\t\t\t<span class=\"um-field-checkbox-option\"> Angemeldet bleiben<\/span>\n\t\t\t\t\t<\/label>\n\t\t\t\t<\/div>\n\t\t\t<\/div>\n\n\t\t\t\t\t\t<div class=\"um-clear\"><\/div>\n\t\t\n\t\t\t<div class=\"um-left um-half\">\n\t\t\t\t<input type=\"submit\" value=\"Anmelden\" class=\"um-button\" id=\"um-submit-btn\" \/>\n\t\t\t<\/div>\n\t\t\t<div class=\"um-right um-half\">\n\t\t\t\t<a href=\"https:\/\/secure2.alexanderfrutiger.ch\/case-study\/register\/\" class=\"um-button um-alt\">\n\t\t\t\t\tRegistrieren\t\t\t\t<\/a>\n\t\t\t<\/div>\n\n\t\t\n\t\t<div class=\"um-clear\"><\/div>\n\n\t<\/div>\n\n\t\n\t<div class=\"um-col-alt-b\">\n\t\t<a href=\"https:\/\/secure2.alexanderfrutiger.ch\/case-study\/password-reset\/\" class=\"um-link-alt\">\n\t\t\tPasswort vergessen?\t\t<\/a>\n\t<\/div>\n\n\t\t\t<\/form>\n\t<\/div>\n<\/div>\n<style>\n\t\t\t.um-18690.um {\n\t\t\tmax-width: 450px;\n\t\t}\n\t\t<\/style>\n<\/div>\n\t\t\t\t\t\t<\/div>\n\t\t\t\t<\/div>\n\t\t\t\t\t<\/div>\n\t\t<\/div>\n\t\t\t\t<div class=\"elementor-column elementor-col-50 elementor-top-column elementor-element elementor-element-935d159 sc_inner_width_none sc_content_align_inherit sc_layouts_column_icons_position_left sc_fly_static\" data-id=\"935d159\" data-element_type=\"column\">\n\t\t\t<div class=\"elementor-widget-wrap elementor-element-populated\">\n\t\t\t\t\t\t<div class=\"elementor-element elementor-element-2957e17 sc_fly_static elementor-widget elementor-widget-image\" data-id=\"2957e17\" data-element_type=\"widget\" data-widget_type=\"image.default\">\n\t\t\t\t<div class=\"elementor-widget-container\">\n\t\t\t\t\t\t\t\t\t\t\t\t\t\t\t<img fetchpriority=\"high\" decoding=\"async\" width=\"1024\" height=\"1024\" src=\"https:\/\/secure2.alexanderfrutiger.ch\/case-study\/wp-content\/uploads\/2025\/01\/AdobeStock_382831027-1024-1024x1024.jpg\" class=\"attachment-large size-large wp-image-19457\" alt=\"\" srcset=\"https:\/\/secure2.alexanderfrutiger.ch\/case-study\/wp-content\/uploads\/2025\/01\/AdobeStock_382831027-1024-1024x1024.jpg 1024w, https:\/\/secure2.alexanderfrutiger.ch\/case-study\/wp-content\/uploads\/2025\/01\/AdobeStock_382831027-1024-300x300.jpg 300w, https:\/\/secure2.alexanderfrutiger.ch\/case-study\/wp-content\/uploads\/2025\/01\/AdobeStock_382831027-1024-150x150.jpg 150w, https:\/\/secure2.alexanderfrutiger.ch\/case-study\/wp-content\/uploads\/2025\/01\/AdobeStock_382831027-1024-768x767.jpg 768w, https:\/\/secure2.alexanderfrutiger.ch\/case-study\/wp-content\/uploads\/2025\/01\/AdobeStock_382831027-1024-370x370.jpg 370w, https:\/\/secure2.alexanderfrutiger.ch\/case-study\/wp-content\/uploads\/2025\/01\/AdobeStock_382831027-1024-120x120.jpg 120w, https:\/\/secure2.alexanderfrutiger.ch\/case-study\/wp-content\/uploads\/2025\/01\/AdobeStock_382831027-1024-840x839.jpg 840w, https:\/\/secure2.alexanderfrutiger.ch\/case-study\/wp-content\/uploads\/2025\/01\/AdobeStock_382831027-1024-410x410.jpg 410w, https:\/\/secure2.alexanderfrutiger.ch\/case-study\/wp-content\/uploads\/2025\/01\/AdobeStock_382831027-1024.jpg 1026w\" sizes=\"(max-width: 1024px) 100vw, 1024px\" \/>\t\t\t\t\t\t\t\t\t\t\t\t\t\t\t<\/div>\n\t\t\t\t<\/div>\n\t\t\t\t\t<\/div>\n\t\t<\/div>\n\t\t\t\t\t<\/div>\n\t\t<\/section>\n\t\t\t\t<section class=\"elementor-section elementor-top-section elementor-element elementor-element-f11c617 elementor-section-boxed elementor-section-height-default elementor-section-height-default sc_fly_static\" data-id=\"f11c617\" data-element_type=\"section\">\n\t\t\t\t\t\t<div class=\"elementor-container elementor-column-gap-extended\">\n\t\t\t\t\t<div class=\"elementor-column elementor-col-100 elementor-top-column elementor-element elementor-element-d8aa520 sc_content_align_inherit sc_layouts_column_icons_position_left sc_fly_static\" data-id=\"d8aa520\" data-element_type=\"column\">\n\t\t\t<div class=\"elementor-widget-wrap elementor-element-populated\">\n\t\t\t\t\t\t<div class=\"elementor-element elementor-element-f6945e0 sc_fly_static elementor-widget elementor-widget-spacer\" data-id=\"f6945e0\" data-element_type=\"widget\" data-widget_type=\"spacer.default\">\n\t\t\t\t<div class=\"elementor-widget-container\">\n\t\t\t\t\t\t\t<div class=\"elementor-spacer\">\n\t\t\t<div class=\"elementor-spacer-inner\"><\/div>\n\t\t<\/div>\n\t\t\t\t\t\t<\/div>\n\t\t\t\t<\/div>\n\t\t\t\t\t<\/div>\n\t\t<\/div>\n\t\t\t\t\t<\/div>\n\t\t<\/section>\n\t\t\t\t<section class=\"elementor-section elementor-top-section elementor-element elementor-element-e6e9114 elementor-section-boxed elementor-section-height-default elementor-section-height-default sc_fly_static\" data-id=\"e6e9114\" data-element_type=\"section\">\n\t\t\t\t\t\t<div class=\"elementor-container elementor-column-gap-extended\">\n\t\t\t\t\t<div class=\"elementor-column elementor-col-100 elementor-top-column elementor-element elementor-element-adfae72 sc_content_align_inherit sc_layouts_column_icons_position_left sc_fly_static\" data-id=\"adfae72\" data-element_type=\"column\">\n\t\t\t<div class=\"elementor-widget-wrap elementor-element-populated\">\n\t\t\t\t\t\t<div class=\"elementor-element elementor-element-edde0d7 sc_fly_static elementor-widget elementor-widget-text-editor\" data-id=\"edde0d7\" data-element_type=\"widget\" data-widget_type=\"text-editor.default\">\n\t\t\t\t<div class=\"elementor-widget-container\">\n\t\t\t\t\t\t\t\t\t<p>Alles ist personalisiert, d.h. es kann <b>ein individuelles Profil <\/b>\u00a0er\u00f6ffnet werden; Jeder sieht nur das, was \u00f6ffentlich zug\u00e4nglich ist bzw. freigeschaltet wurde.<br \/>Wenn Sie Fragen hierzu haben, z\u00f6gern Sie nicht, uns\/mich zu kontaktieren. <b>Wir\/ich sind f\u00fcr Sie da<\/b> und finden eine L\u00f6sung bzw. beraten Sie gerne weiter.<\/p>\t\t\t\t\t\t\t\t<\/div>\n\t\t\t\t<\/div>\n\t\t\t\t\t<\/div>\n\t\t<\/div>\n\t\t\t\t\t<\/div>\n\t\t<\/section>\n\t\t\t\t<\/div>\n\t\t","protected":false},"excerpt":{"rendered":"<p>Anmelden Login to myAccount-2 Alles ist personalisiert, d.h. es kann ein individuelles Profil \u00a0er\u00f6ffnet werden; Jeder sieht nur das, was \u00f6ffentlich zug\u00e4nglich ist bzw. freigeschaltet wurde.Wenn Sie Fragen hierzu haben,&hellip;<\/p>\n","protected":false},"author":1,"featured_media":0,"parent":0,"menu_order":0,"comment_status":"closed","ping_status":"closed","template":"","meta":{"_monsterinsights_skip_tracking":false,"_monsterinsights_sitenote_active":false,"_monsterinsights_sitenote_note":"","_monsterinsights_sitenote_category":0,"footnotes":""},"class_list":["post-18807","page","type-page","status-publish","hentry"],"aioseo_notices":[],"_links":{"self":[{"href":"https:\/\/secure2.alexanderfrutiger.ch\/case-study\/wp-json\/wp\/v2\/pages\/18807","targetHints":{"allow":["GET"]}}],"collection":[{"href":"https:\/\/secure2.alexanderfrutiger.ch\/case-study\/wp-json\/wp\/v2\/pages"}],"about":[{"href":"https:\/\/secure2.alexanderfrutiger.ch\/case-study\/wp-json\/wp\/v2\/types\/page"}],"author":[{"embeddable":true,"href":"https:\/\/secure2.alexanderfrutiger.ch\/case-study\/wp-json\/wp\/v2\/users\/1"}],"replies":[{"embeddable":true,"href":"https:\/\/secure2.alexanderfrutiger.ch\/case-study\/wp-json\/wp\/v2\/comments?post=18807"}],"version-history":[{"count":43,"href":"https:\/\/secure2.alexanderfrutiger.ch\/case-study\/wp-json\/wp\/v2\/pages\/18807\/revisions"}],"predecessor-version":[{"id":19463,"href":"https:\/\/secure2.alexanderfrutiger.ch\/case-study\/wp-json\/wp\/v2\/pages\/18807\/revisions\/19463"}],"wp:attachment":[{"href":"https:\/\/secure2.alexanderfrutiger.ch\/case-study\/wp-json\/wp\/v2\/media?parent=18807"}],"curies":[{"name":"wp","href":"https:\/\/api.w.org\/{rel}","templated":true}]}}